{"id":1207,"date":"2020-09-29T12:45:45","date_gmt":"2020-09-29T11:45:45","guid":{"rendered":"http:\/\/2021.intraregionale.org\/?page_id=1207"},"modified":"2026-03-05T21:39:26","modified_gmt":"2026-03-05T20:39:26","slug":"projekt-2016","status":"publish","type":"page","link":"https:\/\/intraregionale.org\/en\/projekt-2016\/","title":{"rendered":"Projekt 2016"},"content":{"rendered":"<div class=\"wpb-content-wrapper\"><p>[vc_row row_type=&#8221;row&#8221; use_row_as_full_screen_section=&#8221;no&#8221; type=&#8221;full_width&#8221; text_align=&#8221;left&#8221; background_animation=&#8221;none&#8221; css_animation=&#8221;&#8221;][vc_column][vc_column_text]<\/p>\n<h1>Projekt 2016<\/h1>\n<p>[\/vc_column_text][\/vc_column][\/vc_row][vc_row row_type=&#8221;row&#8221; use_row_as_full_screen_section=&#8221;no&#8221; type=&#8221;full_width&#8221; text_align=&#8221;left&#8221; background_animation=&#8221;none&#8221; css_animation=&#8221;&#8221;][vc_column][vc_separator type=&#8221;transparent&#8221; border_style=&#8221;&#8221; up=&#8221;10&#8243; down=&#8221;10&#8243;][\/vc_column][\/vc_row][vc_row row_type=&#8221;row&#8221; use_row_as_full_screen_section=&#8221;no&#8221; type=&#8221;full_width&#8221; text_align=&#8221;left&#8221; background_animation=&#8221;none&#8221; css_animation=&#8221;&#8221;][vc_column width=&#8221;3\/6&#8243;][vc_column_text]<\/p>\n<h3>IntraRegionale 2016<\/h3>\n<p>[\/vc_column_text][vc_empty_space height=&#8221;5&#8243;][vc_column_text css=&#8221;&#8221;]<\/p>\n<h4>Landschaftskunst in der Region Hannover<\/h4>\n<p>Die Intraregionale 2016 vereinte als Netzwerkprojekt und Kooperationsmodell zehn pr\u00e4gnante Orte, deren Charakter die Vielfalt von Landschaftsr\u00e4umen in der Region Hannover spiegelt. Zehn regionale Kunstvereine verorteten sich mit zehn Arbeiten internationaler Landschaftskunst. Zehn K\u00fcnstlerinnen und K\u00fcnstler boten der Kulturlandschaft rund um Hannover einen Sommer lang ihre Perspektiven an. Diese stehen jeweils f\u00fcr sich. Und zugleich addieren sie sich zu einer vielschichtigen Gesamtheit. Zu einem Puzzle, einem Mosaik, einer Expedition oder Schnitzeljagd. Die erlebbaren \u00e4sthetischen Verdichtungen waren nur der letzte Schritt: Eine Jury w\u00e4hlte sie aus \u00fcber 200 Bewerbungen aus 15 L\u00e4ndern aus.<\/p>\n<p>Auf den folgenden Seiten dieser Website finden Sie Informationen zu den realisierten Arbeiten der 10 K\u00fcnstler sowie den Orten ihrer Entstehung.<\/p>\n<p>Den Katalog zu der Ausstellung k\u00f6nnen Sie sich <strong><a href=\"https:\/\/intraregionale.org\/wp-content\/uploads\/2018\/02\/IR_Katalog_2016.pdf\" target=\"_blank\" rel=\"noopener noreferrer\">HIER<\/a><\/strong> herunterladen.<\/p>\n<p>Eine kurze Dokumentation des gesamten Ausstellungszeitraums finden sie <a href=\"https:\/\/intraregionale.org\/wp-content\/uploads\/2018\/02\/IR_Dokumentation_2016.pdf\" target=\"_blank\" rel=\"noopener noreferrer\"><strong>HIER<\/strong><\/a>.[\/vc_column_text][\/vc_column][vc_column width=&#8221;1\/6&#8243;][vc_column_text]<br \/>\n[\/vc_column_text][\/vc_column][vc_column width=&#8221;2\/6&#8243;][vc_separator type=&#8221;transparent&#8221; border_style=&#8221;&#8221; up=&#8221;20&#8243; down=&#8221;20&#8243;][vc_gallery type=&#8221;flexslider_slide&#8221; interval=&#8221;3&#8243; images=&#8221;961,943,939,946,936,934,928,927,922,919&#8243; img_size=&#8221;large&#8221;][\/vc_column][\/vc_row][vc_row row_type=&#8221;row&#8221; use_row_as_full_screen_section=&#8221;no&#8221; type=&#8221;full_width&#8221; text_align=&#8221;left&#8221; background_animation=&#8221;none&#8221; css_animation=&#8221;&#8221;][vc_column][vc_empty_space height=&#8221;40&#8243;][\/vc_column][\/vc_row][vc_row row_type=&#8221;row&#8221; use_row_as_full_screen_section=&#8221;no&#8221; type=&#8221;full_width&#8221; text_align=&#8221;left&#8221; background_animation=&#8221;none&#8221; css_animation=&#8221;&#8221;][vc_column]<a href=\"https:\/\/intraregionale.org\/kunst-2016\/\" target=\"_self\"  class=\"qbutton \" style=\"\">Zur Kunst 2016<\/a>[\/vc_column][\/vc_row][vc_row row_type=&#8221;row&#8221; use_row_as_full_screen_section=&#8221;no&#8221; type=&#8221;full_width&#8221; text_align=&#8221;left&#8221; background_animation=&#8221;none&#8221; css_animation=&#8221;&#8221;][vc_column][vc_empty_space height=&#8221;80&#8243;][\/vc_column][\/vc_row]<\/p>\n<\/div>","protected":false},"excerpt":{"rendered":"<p>[vc_row&#8230;<\/p>\n","protected":false},"author":3,"featured_media":0,"parent":0,"menu_order":0,"comment_status":"closed","ping_status":"closed","template":"","meta":{"footnotes":""},"class_list":["post-1207","page","type-page","status-publish","hentry"],"translation":{"provider":"WPGlobus","version":"3.0.2","language":"en","enabled_languages":["de","en"],"languages":{"de":{"title":true,"content":true,"excerpt":false},"en":{"title":false,"content":false,"excerpt":false}}},"_links":{"self":[{"href":"https:\/\/intraregionale.org\/en\/wp-json\/wp\/v2\/pages\/1207","targetHints":{"allow":["GET"]}}],"collection":[{"href":"https:\/\/intraregionale.org\/en\/wp-json\/wp\/v2\/pages"}],"about":[{"href":"https:\/\/intraregionale.org\/en\/wp-json\/wp\/v2\/types\/page"}],"author":[{"embeddable":true,"href":"https:\/\/intraregionale.org\/en\/wp-json\/wp\/v2\/users\/3"}],"replies":[{"embeddable":true,"href":"https:\/\/intraregionale.org\/en\/wp-json\/wp\/v2\/comments?post=1207"}],"version-history":[{"count":14,"href":"https:\/\/intraregionale.org\/en\/wp-json\/wp\/v2\/pages\/1207\/revisions"}],"predecessor-version":[{"id":4081,"href":"https:\/\/intraregionale.org\/en\/wp-json\/wp\/v2\/pages\/1207\/revisions\/4081"}],"wp:attachment":[{"href":"https:\/\/intraregionale.org\/en\/wp-json\/wp\/v2\/media?parent=1207"}],"curies":[{"name":"wp","href":"https:\/\/api.w.org\/{rel}","templated":true}]}}