{"id":1515,"date":"2020-10-06T14:26:46","date_gmt":"2020-10-06T13:26:46","guid":{"rendered":"http:\/\/2021.intraregionale.org\/?page_id=1515"},"modified":"2026-03-08T19:44:21","modified_gmt":"2026-03-08T18:44:21","slug":"datenschutz","status":"publish","type":"page","link":"https:\/\/intraregionale.org\/en\/datenschutz\/","title":{"rendered":"Datenschutz"},"content":{"rendered":"<div class=\"wpb-content-wrapper\"><p>[vc_row row_type=&#8221;row&#8221; use_row_as_full_screen_section=&#8221;no&#8221; type=&#8221;full_width&#8221; text_align=&#8221;left&#8221; background_animation=&#8221;none&#8221; css_animation=&#8221;&#8221;][vc_column width=&#8221;2\/3&#8243;][vc_column_text]<\/p>\n<h1>Datenschutzerkl\u00e4rung<\/h1>\n<p>[\/vc_column_text][vc_separator type=&#8221;transparent&#8221; border_style=&#8221;&#8221; up=&#8221;10&#8243; down=&#8221;10&#8243;][vc_column_text css=&#8221;&#8221;]<\/p>\n<p data-start=\"296\" data-end=\"646\">Der Schutz Ihrer pers\u00f6nlichen Daten ist uns wichtig. Diese Website verwendet keine Analyse- oder Trackingdienste und bindet keine externen Inhalte ein, durch die automatisch personenbezogene Daten an Dritte \u00fcbertragen w\u00fcrden. Personenbezogene Daten werden nur in dem Umfang verarbeitet, der technisch erforderlich ist, um die Website bereitzustellen.<\/p>\n<h4 data-start=\"648\" data-end=\"669\">Verantwortlicher<\/h4>\n<p data-start=\"671\" data-end=\"744\">Frank Nordiek<br data-start=\"684\" data-end=\"687\" \/>c\/o Atelier LandArt<br data-start=\"706\" data-end=\"709\" \/>Salzmannstra\u00dfe 5<br data-start=\"725\" data-end=\"728\" \/>30451 Hannover<\/p>\n<p data-start=\"746\" data-end=\"780\">E-Mail: <a href=\"mailto:info@intraregionale.org\">info@intraregionale.org<\/a><\/p>\n<h4 data-start=\"782\" data-end=\"802\">Server-Logfiles<\/h4>\n<p data-start=\"804\" data-end=\"985\">Beim Aufruf dieser Website werden durch den Hostinganbieter automatisch technische Informationen erfasst und in sogenannten Server-Logfiles gespeichert. Dazu geh\u00f6ren beispielsweise:<\/p>\n<p data-start=\"987\" data-end=\"1118\">\u2013 IP-Adresse<br data-start=\"999\" data-end=\"1002\" \/>\u2013 Datum und Uhrzeit des Zugriffs<br data-start=\"1034\" data-end=\"1037\" \/>\u2013 aufgerufene Seite bzw. Datei<br data-start=\"1067\" data-end=\"1070\" \/>\u2013 Browsertyp und Betriebssystem<br data-start=\"1101\" data-end=\"1104\" \/>\u2013 Referrer-URL<\/p>\n<p data-start=\"1120\" data-end=\"1200\">Diese Daten dienen ausschlie\u00dflich dem sicheren und stabilen Betrieb der Website.<\/p>\n<p data-start=\"1202\" data-end=\"1249\">Rechtsgrundlage ist Art. 6 Abs. 1 lit. f DSGVO.<\/p>\n<h4 data-start=\"1251\" data-end=\"1269\">Externe Links<\/h4>\n<p data-start=\"1271\" data-end=\"1502\">Diese Website enth\u00e4lt Links zu externen Websites Dritter. Beim Anklicken eines solchen Links verlassen Sie diese Website. F\u00fcr die Inhalte und den Datenschutz der verlinkten Seiten sind ausschlie\u00dflich deren Betreiber verantwortlich.<\/p>\n<h4 data-start=\"1504\" data-end=\"1518\">Instagram<\/h4>\n<p data-start=\"1520\" data-end=\"1679\">Auf dieser Website befindet sich ein Link zum sozialen Netzwerk Instagram. Beim Anklicken dieses Links werden Sie auf die Website von Instagram weitergeleitet.<\/p>\n<p data-start=\"1681\" data-end=\"1753\">Meta Platforms Ireland Ltd.<br data-start=\"1708\" data-end=\"1711\" \/>4 Grand Canal Square<br data-start=\"1731\" data-end=\"1734\" \/>Dublin 2<br data-start=\"1742\" data-end=\"1745\" \/>Irland<\/p>\n<p data-start=\"1755\" data-end=\"1838\">Informationen zum Datenschutz bei Instagram:<br data-start=\"1799\" data-end=\"1802\" \/><a class=\"decorated-link\" href=\"https:\/\/privacycenter.instagram.com\/\" target=\"_new\" rel=\"noopener\" data-start=\"1802\" data-end=\"1838\">https:\/\/privacycenter.instagram.com\/<\/a><\/p>\n<h4 data-start=\"1840\" data-end=\"1856\">Ihre Rechte<\/h4>\n<p data-start=\"1858\" data-end=\"2052\">Sie haben jederzeit das Recht auf Auskunft \u00fcber Ihre gespeicherten personenbezogenen Daten sowie auf Berichtigung, L\u00f6schung, Einschr\u00e4nkung der Verarbeitung, Widerspruch und Daten\u00fcbertragbarkeit.<\/p>\n<p data-start=\"2054\" data-end=\"2141\">Au\u00dferdem haben Sie das Recht, sich bei einer Datenschutzaufsichtsbeh\u00f6rde zu beschweren.<\/p>\n<p data-start=\"2143\" data-end=\"2261\">Landesbeauftragte f\u00fcr den Datenschutz Niedersachsen<br data-start=\"2194\" data-end=\"2197\" \/>Prinzenstra\u00dfe 5<br data-start=\"2212\" data-end=\"2215\" \/>30159 Hannover<br data-start=\"2229\" data-end=\"2232\" \/><a class=\"decorated-link\" href=\"https:\/\/lfd.niedersachsen.de\/\" target=\"_new\" rel=\"noopener\" data-start=\"2232\" data-end=\"2261\">https:\/\/lfd.niedersachsen.de\/<\/a><\/p>\n<h4 data-start=\"2263\" data-end=\"2306\">\u00c4nderungen dieser Datenschutzerkl\u00e4rung<\/h4>\n<p data-start=\"2308\" data-end=\"2428\">Diese Datenschutzerkl\u00e4rung kann angepasst werden, wenn sich rechtliche Anforderungen oder Inhalte dieser Website \u00e4ndern.<\/p>\n<p data-start=\"2430\" data-end=\"2446\">Stand: M\u00e4rz 2026<\/p>\n<p>[\/vc_column_text][\/vc_column][vc_column width=&#8221;1\/3&#8243;][\/vc_column][\/vc_row][vc_row row_type=&#8221;row&#8221; use_row_as_full_screen_section=&#8221;no&#8221; type=&#8221;full_width&#8221; text_align=&#8221;left&#8221; background_animation=&#8221;none&#8221; css_animation=&#8221;&#8221;][vc_column][vc_empty_space height=&#8221;80&#8243;][\/vc_column][\/vc_row]<\/p>\n<\/div>","protected":false},"excerpt":{"rendered":"<p>[vc_row&#8230;<\/p>\n","protected":false},"author":3,"featured_media":0,"parent":0,"menu_order":0,"comment_status":"closed","ping_status":"closed","template":"","meta":{"footnotes":""},"class_list":["post-1515","page","type-page","status-publish","hentry"],"translation":{"provider":"WPGlobus","version":"3.0.2","language":"en","enabled_languages":["de","en"],"languages":{"de":{"title":true,"content":true,"excerpt":false},"en":{"title":false,"content":false,"excerpt":false}}},"_links":{"self":[{"href":"https:\/\/intraregionale.org\/en\/wp-json\/wp\/v2\/pages\/1515","targetHints":{"allow":["GET"]}}],"collection":[{"href":"https:\/\/intraregionale.org\/en\/wp-json\/wp\/v2\/pages"}],"about":[{"href":"https:\/\/intraregionale.org\/en\/wp-json\/wp\/v2\/types\/page"}],"author":[{"embeddable":true,"href":"https:\/\/intraregionale.org\/en\/wp-json\/wp\/v2\/users\/3"}],"replies":[{"embeddable":true,"href":"https:\/\/intraregionale.org\/en\/wp-json\/wp\/v2\/comments?post=1515"}],"version-history":[{"count":14,"href":"https:\/\/intraregionale.org\/en\/wp-json\/wp\/v2\/pages\/1515\/revisions"}],"predecessor-version":[{"id":1520,"href":"https:\/\/intraregionale.org\/en\/wp-json\/wp\/v2\/pages\/1515\/revisions\/1520"}],"wp:attachment":[{"href":"https:\/\/intraregionale.org\/en\/wp-json\/wp\/v2\/media?parent=1515"}],"curies":[{"name":"wp","href":"https:\/\/api.w.org\/{rel}","templated":true}]}}